{"id":9525,"date":"2022-10-04T20:35:49","date_gmt":"2022-10-04T20:35:49","guid":{"rendered":"https:\/\/flytechltd.com\/?post_type=product&#038;p=9525"},"modified":"2024-03-25T19:03:40","modified_gmt":"2024-03-25T19:03:40","slug":"calisma-koltugu-plastik-ayak-kirmizi","status":"publish","type":"product","link":"https:\/\/flytechltd.com\/en\/p\/calisma-koltugu-plastik-ayak-kirmizi\/","title":{"rendered":"\u00c7al\u0131\u015fma Koltu\u011fu Plastik Ayak K\u0131rm\u0131z\u0131"},"content":{"rendered":"<p>\u00c7al\u0131\u015fma Koltu\u011fu Plastik Ayak K\u0131rm\u0131z\u0131<\/p>\n","protected":false},"excerpt":{"rendered":"<p>\u00c7al\u0131\u015fma Koltuk Plastik Ayak K\u0131rm\u0131z\u0131<\/p>\n","protected":false},"featured_media":9526,"comment_status":"open","ping_status":"closed","template":"","meta":[],"product_brand":[],"product_cat":[349],"product_tag":[],"class_list":{"0":"post-9525","1":"product","2":"type-product","3":"status-publish","4":"has-post-thumbnail","6":"product_cat-sandalye-sandalye","8":"first","9":"instock","10":"sale","11":"shipping-taxable","12":"purchasable","13":"product-type-simple"},"aioseo_notices":[],"_links":{"self":[{"href":"https:\/\/flytechltd.com\/en\/wp-json\/wp\/v2\/product\/9525","targetHints":{"allow":["GET"]}}],"collection":[{"href":"https:\/\/flytechltd.com\/en\/wp-json\/wp\/v2\/product"}],"about":[{"href":"https:\/\/flytechltd.com\/en\/wp-json\/wp\/v2\/types\/product"}],"replies":[{"embeddable":true,"href":"https:\/\/flytechltd.com\/en\/wp-json\/wp\/v2\/comments?post=9525"}],"version-history":[{"count":0,"href":"https:\/\/flytechltd.com\/en\/wp-json\/wp\/v2\/product\/9525\/revisions"}],"wp:featuredmedia":[{"embeddable":true,"href":"https:\/\/flytechltd.com\/en\/wp-json\/wp\/v2\/media\/9526"}],"wp:attachment":[{"href":"https:\/\/flytechltd.com\/en\/wp-json\/wp\/v2\/media?parent=9525"}],"wp:term":[{"taxonomy":"product_brand","embeddable":true,"href":"https:\/\/flytechltd.com\/en\/wp-json\/wp\/v2\/product_brand?post=9525"},{"taxonomy":"product_cat","embeddable":true,"href":"https:\/\/flytechltd.com\/en\/wp-json\/wp\/v2\/product_cat?post=9525"},{"taxonomy":"product_tag","embeddable":true,"href":"https:\/\/flytechltd.com\/en\/wp-json\/wp\/v2\/product_tag?post=9525"}],"curies":[{"name":"wp","href":"https:\/\/api.w.org\/{rel}","templated":true}]}}