{"id":9540,"date":"2022-10-04T20:44:11","date_gmt":"2022-10-04T20:44:11","guid":{"rendered":"https:\/\/flytechltd.com\/?post_type=product&#038;p=9540"},"modified":"2024-07-24T14:47:20","modified_gmt":"2024-07-24T14:47:20","slug":"calisma-koltugu-baslikli-metal-ayak-siyah","status":"publish","type":"product","link":"https:\/\/flytechltd.com\/en\/p\/calisma-koltugu-baslikli-metal-ayak-siyah\/","title":{"rendered":"\u00c7al\u0131\u015fma Koltu\u011fu Ba\u015fl\u0131kl\u0131 Metal Ayak Siyah"},"content":{"rendered":"<p>\u00c7al\u0131\u015fma Koltu\u011fu Ba\u015fl\u0131kl\u0131 Metal Ayak Siyah<\/p>\n<table>\n<tbody>\n<tr>\n<td class=\"no-border\">\n<div id=\"productDescriptionContent\">\n<p><strong><u>Ayarlanabilir Y\u00fckseklik;<\/u><\/strong>\u00a0boyunuza ve masan\u0131za g\u00f6re sandalyenizin y\u00fcksekli\u011fini ayarlayarak anatominize uygun oturma pozisyonunu se\u00e7ebilirsiniz.<\/p>\n<p>&nbsp;<\/p>\n<p><u>30\u00b0<\/u><u>\u00a0<\/u><u>Yaslanabilir Mekanizma ve Sabitlenebilir Yaslanma Ayar\u0131;<\/u>\u00a0\u00a0koltu\u011fumuz tercihinize g\u00f6re dik pozisyonda da sabitleyebilir. Sandalye arkal\u0131\u011f\u0131 ve oturma fontu, be\u015fik hareketi \u015feklinde senkron hareket\u00a0eder. Arkan\u0131za yasland\u0131\u011f\u0131n\u0131zda sandalyeniz v\u00fccut hareketlerinizi takip ederek tam bir dinlenme &amp; seyir konforu sa\u011flar. Ayarlanabilir diren\u00e7 ile yaslanma direncini kontrol edebilirsiniz.<\/p>\n<p><strong><u>S\u0131rt\u0131 Tam Destekleyen, Daha Uzun,\u00a0Anatomik &amp; Hava Ge\u00e7irgen Arkal\u0131k;<\/u><\/strong>\u00a0arkal\u0131ktaki hava ge\u00e7irgen petek kuma\u015f terletmeden konfor sa\u011flar. Arkal\u0131k, daha uzun tasar\u0131m\u0131 ve belinizi destekleyen e\u011fimli ergonomik dizayn\u0131 sayesinde uzun \u00e7al\u0131\u015fma saatleri boyunca ihtiyac\u0131n\u0131z olan konforu sa\u011flar.<\/p>\n<p>Ayarlanabilir &amp; \u00c7\u0131kart\u0131labilir Boyun Deste\u011fi; boyun deste\u011fini tercihinize uygun olarak a\u015fa\u011f\u0131 yukar\u0131 hareket ettirerek anatominize uygun oturma pozisyonunu se\u00e7ebilirsiniz. Tercihe g\u00f6re boyun deste\u011fi \u00e7\u0131kart\u0131larak da kullan\u0131m m\u00fcmk\u00fcnd\u00fcr.<\/p>\n<p>&nbsp;<\/p>\n<p><u>360\u00b0 D\u00f6nebilen Tekerlekler;<\/u>\u00a0sandalyeniz sert veya yumu\u015fak zeminlerde kolayca hareket edebilir, manevra sa\u011flayabilir ve s\u00fcr\u00fcklenebilir. Krom ayaklar y\u00fcksek kg\u2019li ta\u015f\u0131ma kapasitesi sa\u011flar. 65 cm \u00e7ap\u0131nda krom y\u0131ld\u0131z ayaklar tam arkaya yaslanma pozisyonunda dahi denge sa\u011flar.<\/p>\n<p>&nbsp;<\/p>\n<p><u>5 A\u015famal\u0131 Kolay Kurulum;<\/u>\u00a0detayl\u0131 ve qr videolu anlat\u0131ml\u0131 kurulum k\u0131lavuzu ile beraber y\u00fcksek mukavemetli kutusunda g\u00f6nderim sa\u011flan\u0131r.<\/p>\n<p>\u00dcr\u00fcn \u00d6l\u00e7\u00fcleri Toplam Geni\u015flik: 62 cm Toplam Derinlik: 57 cm Toplam Y\u00fckseklik: 120 cm -130 cm ( Amortis\u00f6r konumuna g\u00f6re) Oturum Y\u00fcksekli\u011fi Minimum: 43 cm Oturum<\/p>\n<p>Y\u00fckekli\u011fi Maximum: 53 cm Oturum Derinli\u011fi: 46 cm Oturum Geni\u015fli\u011fi: 49 cm S\u0131rt Y\u00fcksekli\u011fi: 90 cm<\/p>\n<p>max ta\u015f\u0131ma kapasitesi : 120 kgd\u0131r.<\/p>\n<p>Kullan\u0131lan ayak: Krom Ayakl\u0131 \u2022<\/p>\n<p>Kullan\u0131lan Mekanizma:\u00a0 Kromajl\u0131 \u2022<\/p>\n<\/div>\n<\/td>\n<\/tr>\n<\/tbody>\n<\/table>\n","protected":false},"excerpt":{"rendered":"<p>\u00c7al\u0131\u015fma Koltuk Ba\u015fl\u0131kl\u0131 Metal Ayak Siyah<\/p>\n","protected":false},"featured_media":14928,"comment_status":"open","ping_status":"closed","template":"","meta":[],"product_brand":[],"product_cat":[347,349],"product_tag":[],"class_list":{"0":"post-9540","1":"product","2":"type-product","3":"status-publish","4":"has-post-thumbnail","6":"product_cat-sandalye","7":"product_cat-sandalye-sandalye","9":"first","10":"instock","11":"sale","12":"shipping-taxable","13":"purchasable","14":"product-type-simple"},"aioseo_notices":[],"_links":{"self":[{"href":"https:\/\/flytechltd.com\/en\/wp-json\/wp\/v2\/product\/9540","targetHints":{"allow":["GET"]}}],"collection":[{"href":"https:\/\/flytechltd.com\/en\/wp-json\/wp\/v2\/product"}],"about":[{"href":"https:\/\/flytechltd.com\/en\/wp-json\/wp\/v2\/types\/product"}],"replies":[{"embeddable":true,"href":"https:\/\/flytechltd.com\/en\/wp-json\/wp\/v2\/comments?post=9540"}],"version-history":[{"count":0,"href":"https:\/\/flytechltd.com\/en\/wp-json\/wp\/v2\/product\/9540\/revisions"}],"wp:featuredmedia":[{"embeddable":true,"href":"https:\/\/flytechltd.com\/en\/wp-json\/wp\/v2\/media\/14928"}],"wp:attachment":[{"href":"https:\/\/flytechltd.com\/en\/wp-json\/wp\/v2\/media?parent=9540"}],"wp:term":[{"taxonomy":"product_brand","embeddable":true,"href":"https:\/\/flytechltd.com\/en\/wp-json\/wp\/v2\/product_brand?post=9540"},{"taxonomy":"product_cat","embeddable":true,"href":"https:\/\/flytechltd.com\/en\/wp-json\/wp\/v2\/product_cat?post=9540"},{"taxonomy":"product_tag","embeddable":true,"href":"https:\/\/flytechltd.com\/en\/wp-json\/wp\/v2\/product_tag?post=9540"}],"curies":[{"name":"wp","href":"https:\/\/api.w.org\/{rel}","templated":true}]}}