{"id":9658,"date":"2022-10-04T21:46:27","date_gmt":"2022-10-04T21:46:27","guid":{"rendered":"https:\/\/flytechltd.com\/?post_type=product&#038;p=9658"},"modified":"2022-11-12T20:05:49","modified_gmt":"2022-11-12T20:05:49","slug":"awei-t10c-kablosuz-kulaklik","status":"publish","type":"product","link":"https:\/\/flytechltd.com\/en\/p\/awei-t10c-kablosuz-kulaklik\/","title":{"rendered":"Awei T10C Kablosuz Kulakl\u0131k"},"content":{"rendered":"<p>Awei TWS Bluetooth Kulakl\u0131k Kablosuz \u015earj Bluetooth 5.0 Ak\u0131ll\u0131 g\u00fcr\u00fclt\u00fc kesme CVC6.0 Her bir kulakl\u0131kta 55mAh pil kapasitesi \u015earj kutusunda 300mAh pil kapasitesi Stand-by s\u00fcresi: 300 saat Konu\u015fma s\u00fcresi: 3 saat M\u00fczik \u00e7alma s\u00fcresi: 2.5 saat \u015earj s\u00fcresi: 1 saat HSP\u3001HFP\u3001A2DP\u3001AVRCP Deste\u011fi Kablosuz \u015farj deste\u011fi Her iki kulakl\u0131k da telefonla konu\u015fma deste\u011fi sunar. IPX4<\/p>\n<p>Specification:<br \/>\nModel: T10C<br \/>\nBluetooth version: V5.0<br \/>\nStandby time: 300 hours<br \/>\nPlay time: 3-4 hours<br \/>\nCharging time: 1 hour<br \/>\nEarplug capacity: 55mAh\/3.7V<br \/>\nCommunication distance: 10 meters<br \/>\nSupport protocols: HSP, HFP, A2DP, AVRCP<br \/>\nMaterial: ABS + silicone<br \/>\nProduct color: black<br \/>\nNet weight: 50 grams<br \/>\nPackage Contents<br \/>\nBluetooth headset*2pcs<br \/>\nEartip *3 sizes<br \/>\nCharging cable*1pcs<\/p>\n","protected":false},"excerpt":{"rendered":"<p>Awei T10C Kablosuz Kulakl\u0131k<\/p>\n","protected":false},"featured_media":9659,"comment_status":"open","ping_status":"closed","template":"","meta":[],"product_brand":[],"product_cat":[319],"product_tag":[],"class_list":{"0":"post-9658","1":"product","2":"type-product","3":"status-publish","4":"has-post-thumbnail","6":"product_cat-phone-kulakliklar","8":"first","9":"instock","10":"shipping-taxable","11":"purchasable","12":"product-type-simple"},"aioseo_notices":[],"_links":{"self":[{"href":"https:\/\/flytechltd.com\/en\/wp-json\/wp\/v2\/product\/9658","targetHints":{"allow":["GET"]}}],"collection":[{"href":"https:\/\/flytechltd.com\/en\/wp-json\/wp\/v2\/product"}],"about":[{"href":"https:\/\/flytechltd.com\/en\/wp-json\/wp\/v2\/types\/product"}],"replies":[{"embeddable":true,"href":"https:\/\/flytechltd.com\/en\/wp-json\/wp\/v2\/comments?post=9658"}],"version-history":[{"count":0,"href":"https:\/\/flytechltd.com\/en\/wp-json\/wp\/v2\/product\/9658\/revisions"}],"wp:featuredmedia":[{"embeddable":true,"href":"https:\/\/flytechltd.com\/en\/wp-json\/wp\/v2\/media\/9659"}],"wp:attachment":[{"href":"https:\/\/flytechltd.com\/en\/wp-json\/wp\/v2\/media?parent=9658"}],"wp:term":[{"taxonomy":"product_brand","embeddable":true,"href":"https:\/\/flytechltd.com\/en\/wp-json\/wp\/v2\/product_brand?post=9658"},{"taxonomy":"product_cat","embeddable":true,"href":"https:\/\/flytechltd.com\/en\/wp-json\/wp\/v2\/product_cat?post=9658"},{"taxonomy":"product_tag","embeddable":true,"href":"https:\/\/flytechltd.com\/en\/wp-json\/wp\/v2\/product_tag?post=9658"}],"curies":[{"name":"wp","href":"https:\/\/api.w.org\/{rel}","templated":true}]}}