{"id":9858,"date":"2022-10-04T23:15:49","date_gmt":"2022-10-04T23:15:49","guid":{"rendered":"https:\/\/flytechltd.com\/?post_type=product&#038;p=9858"},"modified":"2022-11-20T12:02:15","modified_gmt":"2022-11-20T12:02:15","slug":"iphone-12-pro-max-blue","status":"publish","type":"product","link":"https:\/\/flytechltd.com\/en\/p\/iphone-12-pro-max-blue\/","title":{"rendered":"iPhone 12 Pro Max Blue"},"content":{"rendered":"<div class=\"row dynamic\">\n<ul>\n<li class=\"column dd-display-size\"><strong>\u00a06.7 in\u00e7\u00a0 Super Retina XDR ekran<span class=\"visuallyhidden\">\u00a0<\/span>\u00a0<\/strong><\/li>\n<li><img decoding=\"async\" class=\"dd-icon-sos ir alignnone\" src=\"https:\/\/store.storeimages.cdn-apple.com\/4668\/as-images.apple.com\/is\/iphone-compare-icon-iphone-sos-202209?wid=112&amp;hei=112&amp;fmt=jpeg&amp;qlt=90&amp;.v=1660759995664\" alt=\"\" width=\"56\" height=\"56\" \/> Acil SOS<\/li>\n<li><img decoding=\"async\" class=\"\" src=\"https:\/\/store.storeimages.cdn-apple.com\/4668\/as-images.apple.com\/is\/iphone-compare-icon-iphone-pro-camera-202209?wid=112&amp;hei=112&amp;fmt=jpeg&amp;qlt=90&amp;.v=1662060749123\" width=\"62\" height=\"62\" \/> \u00c7ift kamera sistemi 12 MP Ana Kamera\u00a0 \u00a0<span class=\"dd-hidden-small\">| <\/span>\u00a0Ultra Geni\u015f <span class=\"dd-hidden-small\">|<\/span> TrueDepth \u00f6n kamera\u00a0 \u00a0<span class=\"dd-hidden-small\">| 5<\/span><span class=\"badge-value\">\u00a0kat <\/span><span class=\"badge-copy\">Optik zoom aral\u0131\u011f\u0131<\/span><\/li>\n<li><img decoding=\"async\" class=\"dd-icon-battery ir alignnone\" src=\"https:\/\/store.storeimages.cdn-apple.com\/4668\/as-images.apple.com\/is\/iphone-compare-icon-battery-202209?wid=112&amp;hei=112&amp;fmt=jpeg&amp;qlt=90&amp;.v=1660759995596\" alt=\"\" width=\"55\" height=\"55\" \/> \u00a020\u00a0 saate kadar video oynatma<span class=\"visuallyhidden\">\u00a0 \u00a0 \u00a0 \u00a0 \u00a0 \u00a0 \u00a0<\/span><\/li>\n<li><img loading=\"lazy\" decoding=\"async\" class=\"alignnone size-full wp-image-9798\" src=\"https:\/\/flytechltd.com\/wp-content\/uploads\/2022\/10\/indir.jpg\" alt=\"\" width=\"64\" height=\"48\" \/> 6 \u00e7ekirdekli CPU\u00a0 \u00a0 \u00a0<span class=\"dd-hidden-small\">|\u00a0 \u00a04<\/span>\u00a0\u00e7ekirdekli GPU\u00a0 \u00a0<span class=\"dd-hidden-small\">| <\/span> \u00a016 \u00e7ekirdekli Neural Engine<\/li>\n<li><img loading=\"lazy\" decoding=\"async\" class=\"dd-icon-phone-unlock ir\" src=\"https:\/\/store.storeimages.cdn-apple.com\/4668\/as-images.apple.com\/is\/iphone-compare-icon-face-id-202209?wid=112&amp;hei=112&amp;fmt=jpeg&amp;qlt=90&amp;.v=1660759995588\" alt=\"\" width=\"55\" height=\"55\" \/> Face ID<\/li>\n<li><img loading=\"lazy\" decoding=\"async\" class=\"alignnone wp-image-9533\" src=\"https:\/\/flytechltd.com\/wp-content\/uploads\/2022\/10\/product-page-icon_-magsafe-1-300x300.png\" alt=\"\" width=\"55\" height=\"55\" srcset=\"https:\/\/flytechltd.com\/wp-content\/uploads\/2022\/10\/product-page-icon_-magsafe-1-300x300.png 300w, https:\/\/flytechltd.com\/wp-content\/uploads\/2022\/10\/product-page-icon_-magsafe-1-150x150.png 150w, https:\/\/flytechltd.com\/wp-content\/uploads\/2022\/10\/product-page-icon_-magsafe-1.png 500w\" sizes=\"(max-width: 55px) 100vw, 55px\" \/> MagSafe k\u0131l\u0131flar\u0131, c\u00fczdanlar\u0131, kablosuz \u015farj ayg\u0131tlar\u0131 ve daha bir\u00e7ok aksesuarla uyumlu<\/li>\n<li><img loading=\"lazy\" decoding=\"async\" class=\"dd-icon-cellular ir\" src=\"https:\/\/store.storeimages.cdn-apple.com\/4668\/as-images.apple.com\/is\/iphone-compare-icon-5g-202209?wid=112&amp;hei=112&amp;fmt=jpeg&amp;qlt=90&amp;.v=1660759995509\" alt=\"\" width=\"55\" height=\"55\" \/> 5G \u00f6zellikli<\/li>\n<li><img loading=\"lazy\" decoding=\"async\" class=\"alignnone wp-image-9520\" src=\"https:\/\/flytechltd.com\/wp-content\/uploads\/2022\/10\/images.png\" alt=\"\" width=\"55\" height=\"55\" srcset=\"https:\/\/flytechltd.com\/wp-content\/uploads\/2022\/10\/images.png 300w, https:\/\/flytechltd.com\/wp-content\/uploads\/2022\/10\/images-150x150.png 150w\" sizes=\"(max-width: 55px) 100vw, 55px\" \/> T\u00fcm ak\u0131ll\u0131 telefon camlar\u0131ndan daha sa\u011flam olan Ceramic Shield \u00f6n y\u00fczey\u00a0 Cerrahi s\u0131n\u0131f paslanmaz \u00e7elik\u00a0 30 dakikaya kadar maksimum 6 metre derinlikte suya dayan\u0131kl\u0131 tasar\u0131m<\/li>\n<\/ul>\n<\/div>\n<div><\/div>\n","protected":false},"excerpt":{"rendered":"<div class=\"elementor-element elementor-element-51fef232 wd-single-short-desc text-left elementor-widget elementor-widget-wd_single_product_short_description\" data-id=\"51fef232\" data-element_type=\"widget\" data-widget_type=\"wd_single_product_short_description.default\">\n<div class=\"elementor-widget-container\">\n<div class=\"woocommerce-product-details__short-description\">\n<p>Kutunun \u0130\u00e7indekiler:<\/p>\n<p>iPhone 12 Pro Max 256 GB \/\u00a0 USB-C \u2013 Lightning Kablosu<\/p>\n<\/div>\n<\/div>\n<\/div>\n<div class=\"elementor-element elementor-element-09060df elementor-widget elementor-widget-spacer\" data-id=\"09060df\" data-element_type=\"widget\" data-widget_type=\"spacer.default\">\n<div class=\"elementor-widget-container\">\n<div class=\"elementor-spacer\"><\/div>\n<\/div>\n<\/div>\n","protected":false},"featured_media":9942,"comment_status":"open","ping_status":"closed","template":"","meta":[],"product_brand":[],"product_cat":[314],"product_tag":[],"class_list":{"0":"post-9858","1":"product","2":"type-product","3":"status-publish","4":"has-post-thumbnail","6":"product_cat-akilli-telefon","8":"first","9":"outofstock","10":"shipping-taxable","11":"purchasable","12":"product-type-simple"},"aioseo_notices":[],"_links":{"self":[{"href":"https:\/\/flytechltd.com\/en\/wp-json\/wp\/v2\/product\/9858","targetHints":{"allow":["GET"]}}],"collection":[{"href":"https:\/\/flytechltd.com\/en\/wp-json\/wp\/v2\/product"}],"about":[{"href":"https:\/\/flytechltd.com\/en\/wp-json\/wp\/v2\/types\/product"}],"replies":[{"embeddable":true,"href":"https:\/\/flytechltd.com\/en\/wp-json\/wp\/v2\/comments?post=9858"}],"version-history":[{"count":0,"href":"https:\/\/flytechltd.com\/en\/wp-json\/wp\/v2\/product\/9858\/revisions"}],"wp:featuredmedia":[{"embeddable":true,"href":"https:\/\/flytechltd.com\/en\/wp-json\/wp\/v2\/media\/9942"}],"wp:attachment":[{"href":"https:\/\/flytechltd.com\/en\/wp-json\/wp\/v2\/media?parent=9858"}],"wp:term":[{"taxonomy":"product_brand","embeddable":true,"href":"https:\/\/flytechltd.com\/en\/wp-json\/wp\/v2\/product_brand?post=9858"},{"taxonomy":"product_cat","embeddable":true,"href":"https:\/\/flytechltd.com\/en\/wp-json\/wp\/v2\/product_cat?post=9858"},{"taxonomy":"product_tag","embeddable":true,"href":"https:\/\/flytechltd.com\/en\/wp-json\/wp\/v2\/product_tag?post=9858"}],"curies":[{"name":"wp","href":"https:\/\/api.w.org\/{rel}","templated":true}]}}